{"id":1342,"date":"2021-02-24T07:29:09","date_gmt":"2021-02-24T07:29:09","guid":{"rendered":"https:\/\/fondazionealsos.org\/privacy-policy\/"},"modified":"2026-01-25T07:48:08","modified_gmt":"2026-01-25T06:48:08","slug":"privacy-policy","status":"publish","type":"page","link":"https:\/\/fondazionealsos.org\/en\/privacy-policy\/","title":{"rendered":"Privacy Policy"},"content":{"rendered":"<div class=\"wpb-content-wrapper\">[vc_row full_width=&#8221;stretch_row&#8221; el_class=&#8221;policy&#8221; css=&#8221;.vc_custom_1615462089406{padding-top: 100px !important;padding-bottom: 50px !important;background: #ffffff url(https:\/\/fondazionealsos.org\/wp-content\/uploads\/2021\/03\/bkg.gif?id=859) !important;background-position: 0 0 !important;background-repeat: repeat-x !important;}&#8221;][vc_column css=&#8221;.vc_custom_1615462023642{padding-top: 25px !important;padding-right: 25px !important;padding-bottom: 25px !important;padding-left: 25px !important;background-color: #ffffff !important;}&#8221;]<style>.vcex-heading.vcex_69e34231861a9{color:#1c9bdd;font-size:30px;font-family:'Playfair Display';font-weight:400;font-style:italic;}<\/style><h2 class=\"vcex-heading vcex-heading-plain vcex-module wpex-heading wpex-text-2xl wpex-h2 wpex-mb-60 wpex-text-center vcex_69e34231861a9\"><span class=\"vcex-heading-inner wpex-inline-block\">Informativa completa sul Trattamento dei Dati Personali - Utenti sito web - Cookies<br \/>\nai sensi del Regolamento Europeo 2016\/679<\/span><\/h2>[vc_column_text css=&#8221;.vc_custom_1730199979412{margin-bottom: 40px !important;}&#8221;]<strong>Chi siamo e cosa facciamo dei tuoi dati personali?<\/strong><\/p>\n<p>Fondazione Alsos, con sede in Via di Jano 4, 40136 Bologna (BO) (di seguito anche Il Titolare), in qualit\u00e0 di titolare del trattamento, si preoccupa della riservatezza dei tuoi dati personali e di garantire ad essi la protezione necessaria da ogni evento che possa metterli a rischio di violazione.<br \/>\nIl Titolare mette in pratica al fine policy e prassi aventi riguardo alla raccolta e all\u2019utilizzo dei dati personali e all\u2019esercizio dei diritti che ti sono riconosciuti dalla normativa applicabile. Il Titolare ha cura di aggiornare le policy e le prassi adottate per la protezione dei dati personali ogni volta che ci\u00f2 si renda necessario e comunque in caso di modifiche normative e organizzative che possano incidere sui trattamenti dei tuoi dati personali.[\/vc_column_text][vc_column_text css=&#8221;.vc_custom_1730199967108{margin-bottom: 40px !important;}&#8221;]<strong>Come raccoglie e tratta i tuoi dati il Titolare?<\/strong><\/p>\n<p>Le informazioni personali che ti riguardano saranno trattate per:<\/p>\n<p><strong>1) La navigazione del sito www.fondazionealsos.org<\/strong><br \/>\nIl trattamento dei tuoi dati personali, quali dati di navigazione ad es. l\u2019indirizzo IP e cookie rilasciati mediante la navigazione del sito <a href=\"https:\/\/fondazionealsos.org\">fondazionealsos.org<\/a> sono trattati dal Titolare per dar seguito alla gestione del sito e per raccogliere informazioni anche di natura aggregata.<br \/>\nI tuoi dati personali non saranno in alcun modo diffusi o divulgati verso soggetti indeterminati.<\/p>\n<p><strong>2) La comunicazione a terzi e destinatari <\/strong><br \/>\nLa comunicazione dei tuoi dati personali avviene principalmente nei confronti di terzi e\/o destinatari la cui attivit\u00e0 \u00e8 necessaria per l\u2019espletamento delle attivit\u00e0 inerenti alle finalit\u00e0 predette, e anche per rispondere a determinati obblighi di legge. Ogni comunicazione che non risponde a tali finalit\u00e0 sar\u00e0 sottoposta al tuo consenso.<\/p>\n<p>In particolare, i tuoi dati saranno comunicati a terzi\/destinatari per:<br \/>\n1. lo svolgimento del servizio (es. provider di servizi informatici);<br \/>\n2. comunicazioni nei confronti dell\u2019amministrazione finanziaria, e degli enti pubblici di vigilanza e controllo nei confronti dei quali il Titolare deve adempiere a specifici obblighi derivanti dalla specificit\u00e0 dell\u2019attivit\u00e0 esercitata;<br \/>\nI dati personali che il Titolare tratta per tale finalit\u00e0 sono dati di navigazione (indirizzo IP).<\/p>\n<p><strong>3) Motivi di sicurezza informatica<\/strong><br \/>\nIl Titolare tratta, anche per mezzo dei suoi fornitori (terzi e\/o destinatari), i tuoi dati personali (es. indirizzo IP) o di traffico raccolti, o ottenuti, in caso di servizi esposti sul sito web in misura strettamente necessaria e proporzionata per garantire la sicurezza e la capacit\u00e0 di una rete o dei server ad essa connessi di resistere, a un dato livello di sicurezza, a eventi imprevisti o atti illeciti o dolosi che compromettano la disponibilit\u00e0, l&#8217;autenticit\u00e0, l&#8217;integrit\u00e0 e la riservatezza dei dati personali conservati o trasmessi.<br \/>\nA tali fini il Titolare prevede procedure per la gestione della violazione dei dati personali (data breach).[\/vc_column_text][vc_column_text css=&#8221;.vc_custom_1730199973831{margin-bottom: 40px !important;}&#8221;]<strong>Cosa sono i cookie e per quali finalit\u00e0 possono essere utilizzati<\/strong><\/p>\n<p>Un &#8220;cookie&#8221; \u00e8 un piccolo file di testo creato da alcuni siti web sul computer dell\u2019utente al momento in cui questo accede ad un determinato sito, con lo scopo di immagazzinare e trasportare informazioni. I cookie sono inviati da un server web (che \u00e8 il computer sul quale \u00e8 in esecuzione il sito web visitato) al browser dell\u2019utente (Internet Explorer, Mozilla Firefox, Google Chrome, ecc.) e memorizzati sul computer di quest\u2019ultimo; vengono, quindi, re-inviati al sito web al momento delle visite successive.<br \/>\nAlcune operazioni non potrebbero essere compiute senza l&#8217;uso dei cookie, che, in alcuni casi, sono quindi tecnicamente necessari. In altri casi il sito utilizza cookie per facilitare e agevolare la navigazione da parte dell\u2019utente o per consentire a questi di usufruire di servizi specificamente richiesti.<br \/>\nI cookie possono rimanere nel sistema anche per lunghi periodi e possono contenere anche un codice identificativo unico. Ci\u00f2 consente ai siti che li utilizzano di tenere traccia della navigazione dell&#8217;utente all&#8217;interno del sito stesso, per finalit\u00e0 statistiche o pubblicitarie, per creare cio\u00e8 un profilo personalizzato dell&#8217;utente a partire dalle pagine che lo stesso ha visitato e mostrargli e\/o inviargli quindi pubblicit\u00e0 mirate (c.d. Behavioural Advertising).[\/vc_column_text][vc_column_text css=&#8221;.vc_custom_1730200030356{margin-bottom: 40px !important;}&#8221;]<strong>Quali cookie sono utilizzati e per quali finalit\u00e0 principale<\/strong><\/p>\n<p>Il Titolare riporta di seguito le specifiche categorie di cookie adoperati, la finalit\u00e0 e la conseguenza che deriva dalla loro de-selezione:[\/vc_column_text][vc_raw_html css=&#8221;&#8221;]JTNDc2NyaXB0JTIwaWQlM0QlMjJDb29raWVEZWNsYXJhdGlvbiUyMiUyMHNyYyUzRCUyMmh0dHBzJTNBJTJGJTJGY29uc2VudC5jb29raWVib3QuY29tJTJGMDgyZGE2NDQtYTExMS00Y2ExLTkzMmEtMmEzZTA1Y2FhNDQ2JTJGY2QuanMlMjIlMjB0eXBlJTNEJTIydGV4dCUyRmphdmFzY3JpcHQlMjIlMjBhc3luYyUzRSUzQyUyRnNjcmlwdCUzRQ==[\/vc_raw_html][vc_column_text css=&#8221;.vc_custom_1730201090145{margin-top: 40px !important;margin-bottom: 40px !important;}&#8221;]<strong>Cookie di terze parti <\/strong><\/p>\n<p>Sul presente sito web sono operativi anche cookie di terzi parti, ossia cookie creati da un sito web diverso da quello che l\u2019utente sta attualmente visitando. In particolare, si informano gli utenti che il sito web utilizza i seguenti servizi che rilasciano cookies:<br \/>\n1. Google, i cookie installati da questo fornitore consentono la gestione dei tag forniti da Google Ireland Limited, nonch\u00e9 la visualizzazione di stili di carattere gestito dallo stesso fornitore, che permette a questo sito web di integrare tali contenuti all\u2019interno delle proprie pagine. Per consultare l\u2019informativa privacy relativa a tali servizi si rinvia a <a href=\"https:\/\/policies.google.com\/privacy\" target=\"_blank\" rel=\"noopener\">https:\/\/policies.google.com\/privacy<\/a>;<br \/>\n2. Vimeo, i cookie installati da questo fornitore consentono la visualizzazione di contenuti video gestiti da Vimeo, LLC, che permette a questo sito web di integrare tali contenuti all\u2019interno delle proprie pagine. Per consultare l\u2019informativa privacy relativa a tale servizio si rinvia a <a href=\"https:\/\/vimeo.com\/cookie_policy\" target=\"_blank\" rel=\"noopener\">https:\/\/vimeo.com\/cookie_policy<\/a>.[\/vc_column_text][vc_column_text css=&#8221;.vc_custom_1730200757376{margin-bottom: 40px !important;}&#8221;]<strong>Deselezione e attivazione dei cookie \u201cImpostazioni dei cookie\u201d<\/strong><\/p>\n<p>In ogni momento della navigazione puoi rivedere le tue preferenze sui cookie cliccando sull&#8217;icona dello strumento Cookiebot posizionata in basso a sinistra della schermata del tuo browser.[\/vc_column_text][vc_column_text css=&#8221;.vc_custom_1730200777991{margin-bottom: 40px !important;}&#8221;]<strong>Che cosa succede se non fornisci i tuoi dati?<\/strong><\/p>\n<p>Ti invitiamo a prendere visione delle conseguenze derivanti dalla deselezione dei singoli cookie, cos\u00ec come riportate nella tabella sopra indicata.[\/vc_column_text][vc_column_text css=&#8221;.vc_custom_1730200833595{margin-bottom: 40px !important;}&#8221;]<strong>Come, dove e per quanto tempo vengono conservati i tuoi dati?<\/strong><br \/>\n<strong>Come trattiamo i tuoi dati<\/strong><\/p>\n<p>Il trattamento dei dati personali \u00e8 eseguito attraverso procedure informatiche da parte di soggetti interni appositamente autorizzati e formati. A questi \u00e8 consentito l\u2019accesso ai tuoi dati personali nella misura e nei limiti in cui esso \u00e8 necessario per lo svolgimento delle attivit\u00e0 di trattamento che ti riguardano.<br \/>\nIl Titolare verifica periodicamente gli strumenti mediante i quali i tuoi dati vengono trattati e le misure di sicurezza per essi previste di cui prevede l\u2019aggiornamento costante; verifica, anche per il tramite dei soggetti autorizzati al trattamento, che non siano raccolti, trattati, archiviati o conservati dati personali di cui non sia necessario il trattamento; verifica che i dati siano conservati con la garanzia di integrit\u00e0 e di autenticit\u00e0 e del loro uso per le finalit\u00e0 dei trattamenti effettivamente svolti.[\/vc_column_text][vc_column_text css=&#8221;.vc_custom_1730200861152{margin-bottom: 40px !important;}&#8221;]<strong>Dove trattiamo i tuoi dati<\/strong><\/p>\n<p>I tuoi dati possono essere trattati in Paesi al di fuori dello Spazio economico europeo. In tale circostanza, il Titolare adotta tutte le garanzie previste dalla normativa in materia a tutela dei tuoi dati, ed in particolare l\u2019applicazione del Data Privacy Framework tra Unione europea e Stati Uniti d\u2019America, oppure l\u2019applicazione delle clausole contrattuali tipo approvate dalla Commissione europea.[\/vc_column_text][vc_column_text css=&#8221;.vc_custom_1730200895696{margin-bottom: 40px !important;}&#8221;]<strong>Per quanto tempo trattiamo i tuoi dati<\/strong><br \/>\n1. Cookie:<br \/>\nTi invitiamo a prendere visione dei termini di conservazione dei dati personali come indicati nella precedente tabella.<br \/>\n2. Navigazione sito:<br \/>\nI dati personali vengono conservati per il tempo necessario a consentire la navigazione del sito e comunque non oltre XX mesi, salvi i casi in cui si verifichino eventi che comportino l\u2019intervento delle Autorit\u00e0 competenti, anche in collaborazione con i terzi\/destinatari cui \u00e8 demandata l\u2019attivit\u00e0 di sicurezza informatica dei dati del Titolare, a svolgere eventuali indagini sulle cause che hanno determinato l\u2019evento, nonch\u00e9 per tutelare gli interessi del Titolare relativi a una eventuale responsabilit\u00e0 correlata all\u2019uso del sito e dei relativi servizi.[\/vc_column_text][vc_column_text css=&#8221;.vc_custom_1731324714421{margin-bottom: 40px !important;}&#8221;]<strong>Quali sono i tuoi diritti?<\/strong><\/p>\n<p>In sostanza tu, in ogni momento e a titolo gratuito e senza oneri e formalit\u00e0 particolari per la tua richiesta, puoi:<br \/>\n&#8211; ottenere conferma del trattamento operato dal Titolare;<br \/>\n&#8211; accedere ai tuoi dati personali e conoscerne l\u2019origine (quando i dati non sono ottenuti da te direttamente), le finalit\u00e0 e gli scopi del trattamento, i dati dei soggetti a cui essi sono comunicati, il periodo di conservazione dei tuoi dati o i criteri utili per determinarlo;<br \/>\n&#8211; aggiornare o rettificare i tuoi dati personali in modo che siano sempre esatti e accurati;<br \/>\n&#8211; cancellare i tuoi dati personali dalle banche dati e\/o dagli archivi anche di backup del Titolare nel caso, tra gli altri, in cui non siano pi\u00f9 necessari per le finalit\u00e0 del trattamento o se questo si assume come illecito, e sempre se ne sussistano le condizioni previste per legge; e comunque se il trattamento non sia giustificato da un altro motivo ugualmente legittimo;<br \/>\n&#8211; limitare il trattamento dei tuoi dati personali in talune circostanze, ad esempio laddove tu ne abbia contestato l\u2019esattezza, per il periodo necessario al Titolare per verificarne l\u2019accuratezza. Tu devi essere informato, in tempi congrui, anche di quando il periodo di sospensione si sia compiuto o la causa della limitazione del trattamento sia venuta meno, e quindi la limitazione stessa revocata;<br \/>\n&#8211; ottenere i tuoi dati personali, se ricevuti o trattati dal Titolare con il tuo consenso e\/o se il loro trattamento avvenga sulla base di un contratto e con strumenti automatizzati, in formato elettronico anche al fine di trasmetterli ad altro titolare del trattamento.<br \/>\nIl Titolare dovr\u00e0 procedere in tal senso senza ritardo e, comunque, al pi\u00f9 tardi entro un mese dal ricevimento della tua richiesta. Il termine pu\u00f2 essere prorogato di due mesi, se necessario, tenuto conto della complessit\u00e0 e del numero delle richieste ricevute dal Titolare. In tali casi il Titolare, entro un mese dal ricevimento della tua richiesta, ti informer\u00e0 e ti metter\u00e0 al corrente dei motivi della proroga. Per l\u2019esercizio dei tuoi diritti scrivi all\u2019indirizzo <a href=\"mailto:privacy@fondazionealsos.org\">privacy@fondazionealsos.org<\/a>[\/vc_column_text][vc_column_text css=&#8221;.vc_custom_1731324735369{margin-bottom: 40px !important;}&#8221;]<strong>Come e quando puoi opporti al trattamento dei tuoi dati personali?<\/strong><br \/>\nPer motivi relativi alla tua situazione particolare, puoi opporti in ogni momento al trattamento dei tuoi dati personali se esso \u00e8 fondato sul legittimo interesse, inviando la tua richiesta al Titolare, all\u2019indirizzo <a href=\"mailto:privacy@fondazionealsos.org\">privacy@fondazionealsos.org<\/a>.<br \/>\nTu hai diritto alla cancellazione dei tuoi dati personali se non esiste un motivo legittimo prevalente rispetto a quello che ha dato origine alla tua richiesta.[\/vc_column_text][vc_column_text css=&#8221;.vc_custom_1730201013473{margin-bottom: 40px !important;}&#8221;]<strong>A chi puoi proporre reclamo?<\/strong><br \/>\nFatta salva ogni altra azione in sede amministrativa o giudiziale, tu puoi presentare un reclamo all\u2019autorit\u00e0 di controllo competente ovvero a quella che svolge i suoi compiti ed esercita i suoi poteri in Italia dove hai la tua residenza abituale o lavori o se diverso nello Stato membro dove \u00e8 avvenuta la violazione del Regolamento (UE) 2016\/679.[\/vc_column_text][\/vc_column][\/vc_row]\n<\/div>","protected":false},"excerpt":{"rendered":"<p>[vc_row full_width=&#8221;stretch_row&#8221; el_class=&#8221;policy&#8221; css=&#8221;.vc_custom_1615462089406{padding-top: 100px !important;padding-bottom: 50px !important;background: #ffffff url(https:\/\/fondazionealsos.org\/wp-content\/uploads\/2021\/03\/bkg.gif?id=859) !important;background-position: 0 0 !important;background-repeat: repeat-x !important;}&#8221;][vc_column css=&#8221;.vc_custom_1615462023642{padding-top: 25px !important;padding-right: 25px !important;padding-bottom: 25px !important;padding-left: 25px !important;background-color: #ffffff !important;}&#8221;][vc_column_text css=&#8221;.vc_custom_1730199979412{margin-bottom: 40px !important;}&#8221;]Chi siamo e cosa facciamo dei tuoi dati personali? Fondazione Alsos, con sede in Via di Jano 4, 40136 Bologna (BO) (di seguito anche Il Titolare),&hellip;<\/p>\n","protected":false},"author":15268,"featured_media":0,"parent":0,"menu_order":0,"comment_status":"closed","ping_status":"open","template":"","meta":{"_acf_changed":false,"footnotes":""},"class_list":["post-1342","page","type-page","status-publish","hentry","entry","no-media"],"acf":[],"_links":{"self":[{"href":"https:\/\/fondazionealsos.org\/en\/wp-json\/wp\/v2\/pages\/1342","targetHints":{"allow":["GET"]}}],"collection":[{"href":"https:\/\/fondazionealsos.org\/en\/wp-json\/wp\/v2\/pages"}],"about":[{"href":"https:\/\/fondazionealsos.org\/en\/wp-json\/wp\/v2\/types\/page"}],"author":[{"embeddable":true,"href":"https:\/\/fondazionealsos.org\/en\/wp-json\/wp\/v2\/users\/15268"}],"replies":[{"embeddable":true,"href":"https:\/\/fondazionealsos.org\/en\/wp-json\/wp\/v2\/comments?post=1342"}],"version-history":[{"count":0,"href":"https:\/\/fondazionealsos.org\/en\/wp-json\/wp\/v2\/pages\/1342\/revisions"}],"wp:attachment":[{"href":"https:\/\/fondazionealsos.org\/en\/wp-json\/wp\/v2\/media?parent=1342"}],"curies":[{"name":"wp","href":"https:\/\/api.w.org\/{rel}","templated":true}]}}