{"id":2176,"date":"2026-03-13T14:53:23","date_gmt":"2026-03-13T13:53:23","guid":{"rendered":"https:\/\/fondazionealsos.org\/?page_id=2176"},"modified":"2026-04-22T17:03:26","modified_gmt":"2026-04-22T15:03:26","slug":"diamanti","status":"publish","type":"page","link":"https:\/\/fondazionealsos.org\/it\/diamanti\/","title":{"rendered":"Diamanti"},"content":{"rendered":"<div class=\"wpb-content-wrapper\">[vc_row full_width=&#8221;stretch_row&#8221; wpex_bg_color=&#8221;#f7f7f7&#8243; el_id=&#8221;diamanti-block-video&#8221;][vc_column][vc_row_inner el_id=&#8221;diamanti-block-video-content&#8221; el_class=&#8221;diamanti-main-block&#8221;][vc_column_inner width=&#8221;2\/5&#8243;][vc_column_text css=&#8221;&#8221; el_class=&#8221;diamanti-block-video-content-text&#8221;]La Fondazione Alsos attraverso i Diamanti intende valorizzare la <strong>cultura italiana<\/strong> nelle sue diverse espressioni. Il progetto si propone di riaffermare il valore della matrice umanistica come lente interpretativa per comprendere le varie discipline e le loro implicazioni.<br \/>\nI Seminari, ad accesso gratuito previa iscrizione, si terranno dal venerd\u00ec alla domenica: tre giorni di dialogo con Maestri che hanno saputo rinnovare i propri campi disciplinari. La metodologia sar\u00e0 dialogica: ogni lectio sar\u00e0 seguita da una discussione aperta con studenti, operatori e professionisti.[\/vc_column_text][\/vc_column_inner][vc_column_inner width=&#8221;3\/5&#8243;]<div class=\"vcex-video wpex-bg-black\" data-vcex-video-type=\"vimeo\"><div class=\"vcex-video-inner wpex-relative\"><button class=\"vcex-video-overlay wpex-block wpex-absolute wpex-inset-0 wpex-cursor-pointer overlay-parent wpex-unstyled-button\" aria-label=\"Play video\"><img src=\"https:\/\/fondazionealsos.org\/wp-content\/uploads\/2026\/03\/cover.png\" loading=\"lazy\" decoding=\"async\" class=\"wpex-bg-black wpex-h-100 wpex-w-100 wpex-object-cover\" alt=\"\"><\/button><iframe class=\"wpex-block wpex-w-100 wpex-h-100 wpex-aspect-16-9\" data-src=\"https:\/\/player.vimeo.com\/video\/1157598083?h=0e16720bae&#038;autoplay=1\" title=\"\" tabindex=\"-1\" loading=\"lazy\" frameborder=\"0\" allow=\"accelerometer; autoplay; clipboard-write; encrypted-media; gyroscope; picture-in-picture; web-share\" allowfullscreen><\/iframe><\/div><\/div>[\/vc_column_inner][\/vc_row_inner][\/vc_column][\/vc_row][vc_row full_width=&#8221;stretch_row&#8221; el_id=&#8221;diamanti-block-seminari&#8221; wpex_bg_color=&#8221;#f7f7f7&#8243;][vc_column][vc_row_inner el_id=&#8221;diamanti-block-seminari-texts&#8221; el_class=&#8221;diamanti-main-block&#8221;][vc_column_inner][vc_column_text css=&#8221;&#8221; el_class=&#8221;diamanti-seminari-title&#8221;]I prossimi Seminari[\/vc_column_text][vc_column_text css=&#8221;&#8221; el_class=&#8221;diamanti-block-seminari-text&#8221;]La programmazione del 2026 \u00e8 in corso di definizione e si propone di indagare con una chiave interpretativa umanistica alcune delle principali <strong>sfide culturali, economiche e sociali<\/strong> contemporanee, come identit\u00e0 e migrazioni, protezione dei dati, media e intelligenza artificiale.[\/vc_column_text][\/vc_column_inner][\/vc_row_inner][vc_row_inner el_id=&#8221;diamanti-block-seminari-people&#8221; el_class=&#8221;diamanti-main-block&#8221;][vc_column_inner el_class=&#8221;diamanti-block-seminari-column&#8221; width=&#8221;1\/2&#8243; css=&#8221;.vc_custom_1773305200714{background-color: #FFFFFF !important;}&#8221;]<figure class=\"vcex-image vcex-module diamanti-seminari-photo\"><div class=\"vcex-image-inner wpex-relative wpex-inline-block\"><img width=\"1024\" height=\"434\" src=\"https:\/\/fondazionealsos.org\/wp-content\/uploads\/2026\/03\/finocchiaro-l.jpg\" class=\"vcex-image-img wpex-align-middle\" alt=\"finocchiaro\" loading=\"lazy\" decoding=\"async\" srcset=\"https:\/\/fondazionealsos.org\/wp-content\/uploads\/2026\/03\/finocchiaro-l.jpg 1024w, https:\/\/fondazionealsos.org\/wp-content\/uploads\/2026\/03\/finocchiaro-l-300x127.jpg 300w, https:\/\/fondazionealsos.org\/wp-content\/uploads\/2026\/03\/finocchiaro-l-768x326.jpg 768w\" sizes=\"auto, (max-width: 1024px) 100vw, 1024px\" \/><\/div><\/figure>[vc_column_text css=&#8221;&#8221; el_class=&#8221;diamanti-seminari-name&#8221;]Giusella Finocchiaro[\/vc_column_text][vc_column_text css=&#8221;&#8221; el_class=&#8221;diamanti-seminari-date&#8221;]19-21 Giugno 2026[\/vc_column_text][\/vc_column_inner][vc_column_inner el_class=&#8221;diamanti-block-seminari-column&#8221; width=&#8221;1\/2&#8243;]<figure class=\"vcex-image vcex-module diamanti-seminari-photo\"><div class=\"vcex-image-inner wpex-relative wpex-inline-block\"><img width=\"1024\" height=\"434\" src=\"https:\/\/fondazionealsos.org\/wp-content\/uploads\/2026\/03\/Barbujani-1.png\" class=\"vcex-image-img wpex-align-middle\" alt=\"barbujani\" loading=\"lazy\" decoding=\"async\" srcset=\"https:\/\/fondazionealsos.org\/wp-content\/uploads\/2026\/03\/Barbujani-1.png 1024w, https:\/\/fondazionealsos.org\/wp-content\/uploads\/2026\/03\/Barbujani-1-300x127.png 300w, https:\/\/fondazionealsos.org\/wp-content\/uploads\/2026\/03\/Barbujani-1-768x326.png 768w\" sizes=\"auto, (max-width: 1024px) 100vw, 1024px\" \/><\/div><\/figure>[vc_column_text css=&#8221;&#8221; el_class=&#8221;diamanti-seminari-name&#8221;]Guido Barbujani[\/vc_column_text][vc_column_text css=&#8221;&#8221; el_class=&#8221;diamanti-seminari-date&#8221;]20-22 Novembre 2026[\/vc_column_text][\/vc_column_inner][\/vc_row_inner][\/vc_column][\/vc_row][vc_row full_width=&#8221;stretch_row&#8221; el_id=&#8221;diamanti-block-diamanti-1&#8243;][vc_column][vc_row_inner el_id=&#8221;diamanti-block-diamanti-1-content&#8221; el_class=&#8221;diamanti-main-block&#8221;][vc_column_inner width=&#8221;1\/2&#8243;][vc_column_text css=&#8221;&#8221; el_class=&#8221;diamanti-seminari-title&#8221;]Seminari Passati[\/vc_column_text]<figure class=\"vcex-image vcex-module\"><div class=\"vcex-image-inner wpex-relative wpex-inline-block\"><img width=\"576\" height=\"473\" src=\"https:\/\/fondazionealsos.org\/wp-content\/uploads\/2026\/03\/esposito.png\" class=\"vcex-image-img wpex-align-middle\" alt=\"\" loading=\"lazy\" decoding=\"async\" srcset=\"https:\/\/fondazionealsos.org\/wp-content\/uploads\/2026\/03\/esposito.png 576w, https:\/\/fondazionealsos.org\/wp-content\/uploads\/2026\/03\/esposito-300x246.png 300w\" sizes=\"auto, (max-width: 576px) 100vw, 576px\" \/><\/div><\/figure>[vc_column_text css=&#8221;.vc_custom_1775116103114{margin-top: 10px !important;}&#8221; el_class=&#8221;diamanti-1-main&#8221;]DIAMANTE #1[\/vc_column_text][\/vc_column_inner][vc_column_inner width=&#8221;1\/2&#8243;][vc_column_text css=&#8221;&#8221; el_class=&#8221;diamanti-seminari-name&#8221;]Roberto Esposito, un percorso filosofico[\/vc_column_text][vc_column_text css=&#8221;&#8221; el_class=&#8221;diamanti-1-date&#8221;]27-29 marzo 2026, Villa Jano, Bologna[\/vc_column_text][vc_column_text css=&#8221;&#8221; el_class=&#8221;diamanti-1-text&#8221;]Nel corso dei tre giorni, Roberto Esposito ripercorrer\u00e0 le tappe fondamentali del suo percorso intellettuale \u2014 dalla dialettica comunit\u00e0\/immunit\u00e0 al pensiero istituente, fino al tema dell&#8217;Avversario e del fascismo \u2014 accompagnato dai giovani studiosi Francesco Marchesi e Gian Marco Galasso. Il Seminario si muover\u00e0 all&#8217;incrocio di linguaggi diversi \u2014 filosofia, antropologia, politica, letteratura \u2014 alla ricerca del filo che unisce i diversi segmenti tematici della sua ricerca in un unico quadro problematico.[\/vc_column_text][vc_raw_html css=&#8221;&#8221; el_class=&#8221;diamanti-1-button&#8221;]JTNDYSUyMGhyZWYlM0QlMjIlMkZ3cC1jb250ZW50JTJGdXBsb2FkcyUyRjIwMjYlMkYwMyUyRlByb2dyYW1tYV9Fc3Bvc2l0b19TVEFNUEEucGRmJTIyJTIwY2xhc3MlM0QlMjJob21lLWRpYW1hbnRpLWJ1dHRvbiUyMGRpYW1hbnRpLWJ1dHRvbiUyMiUyMHRhcmdldCUzRCUyMl9ibGFuayUyMiUzRVNDQVJJQ0ElMjBJTCUyMFBST0dSQU1NQSUzQyUyRmElM0U=[\/vc_raw_html][\/vc_column_inner][\/vc_row_inner][\/vc_column][\/vc_row][vc_row full_width=&#8221;stretch_row&#8221; el_id=&#8221;diamanti-block-speakers&#8221; wpex_bg_color=&#8221;#4d4a5d&#8221;][vc_column][vc_row_inner el_id=&#8221;diamanti-speakers-title&#8221; el_class=&#8221;diamanti-main-block&#8221;][vc_column_inner][vc_column_text css=&#8221;&#8221; el_class=&#8221;diamanti-speakers-title-title&#8221; el_id=&#8221;diamanti-speakers-title-title&#8221;]Speakers[\/vc_column_text][\/vc_column_inner][\/vc_row_inner][vc_row_inner equal_height=&#8221;yes&#8221; el_id=&#8221;diamanti-block-speakers-content&#8221; el_class=&#8221;diamanti-main-block&#8221;][vc_column_inner el_class=&#8221;diamanti-block-speakers-content-column&#8221; width=&#8221;1\/3&#8243; css=&#8221;.vc_custom_1773304147824{background-color: #FFFFFF !important;}&#8221;][vc_column_text css=&#8221;&#8221; el_class=&#8221;diamanti-speakers-content-title&#8221;]Roberto Esposito[\/vc_column_text][vc_column_text css=&#8221;&#8221; el_class=&#8221;diamanti-speakers-content-category&#8221;]DIAMANTE[\/vc_column_text][vc_column_text css=&#8221;&#8221; el_class=&#8221;diamanti-speakers-content-text&#8221;]\u00c8 professore emerito di filosofia teorica presso la Scuola Normale Superiore. Considerato uno degli autori di riferimento dell\u2019Italian Theory, \u00e8 tra i fondatori del Centro di Ricerca sul Lessico Politico Europeo e del Centro Internazionale per il Lessico Giuridico e Politico Europeo. Collabora con Repubblica e i suoi libri sono tradotti in una decina di lingue.[\/vc_column_text][\/vc_column_inner][vc_column_inner el_class=&#8221;diamanti-block-speakers-content-column&#8221; width=&#8221;1\/3&#8243; css=&#8221;.vc_custom_1773304152749{background-color: #FFFFFF !important;}&#8221;][vc_column_text css=&#8221;&#8221; el_class=&#8221;diamanti-speakers-content-title&#8221;]Paolo Missiroli[\/vc_column_text][vc_column_text css=&#8221;&#8221; el_class=&#8221;diamanti-speakers-content-category&#8221;]DISCUSSANT[\/vc_column_text][vc_column_text css=&#8221;&#8221; el_class=&#8221;diamanti-speakers-content-text&#8221;]\u00c8 docente di Filosofia teoretica presso l\u2019Universit\u00e0 degli Studi di Modena e Reggio Emilia. Si occupa di filosofia francese contemporanea e della questione dell\u2019Antropocene, del lavoro complessivo di Michel Foucault, di antropologia filosofica e di teoria critica.[\/vc_column_text][\/vc_column_inner][vc_column_inner el_class=&#8221;diamanti-block-speakers-content-column&#8221; width=&#8221;1\/3&#8243; css=&#8221;.vc_custom_1773304156007{background-color: #FFFFFF !important;}&#8221;][vc_column_text css=&#8221;&#8221; el_class=&#8221;diamanti-speakers-content-title&#8221;]Gian Marco Galasso[\/vc_column_text][vc_column_text css=&#8221;&#8221; el_class=&#8221;diamanti-speakers-content-category&#8221;]DISCUSSANT[\/vc_column_text][vc_column_text css=&#8221;&#8221; el_class=&#8221;diamanti-speakers-content-text&#8221;]\u00c8 dottorando di ricerca in Scienze Giuridiche presso l&#8217;Universit\u00e0 degli Studi di Salerno e in Filosofia presso l&#8217;Universit\u00e9 Paris 1 Panth\u00e9on\/Sorbonne. I suoi studi si concentrano nel punto di incrocio tra riflessione teoretica e questioni politiche, con particolare attenzione alla filosofia contemporanea.[\/vc_column_text][\/vc_column_inner][\/vc_row_inner][\/vc_column][\/vc_row]\n<\/div>","protected":false},"excerpt":{"rendered":"<p>[vc_row full_width=&#8221;stretch_row&#8221; wpex_bg_color=&#8221;#f7f7f7&#8243; el_id=&#8221;diamanti-block-video&#8221;][vc_column][vc_row_inner el_id=&#8221;diamanti-block-video-content&#8221; el_class=&#8221;diamanti-main-block&#8221;][vc_column_inner width=&#8221;2\/5&#8243;][vc_column_text css=&#8221;&#8221; el_class=&#8221;diamanti-block-video-content-text&#8221;]La Fondazione Alsos attraverso i Diamanti intende valorizzare la cultura italiana nelle sue diverse espressioni. Il progetto si propone di riaffermare il valore della matrice umanistica come lente interpretativa per comprendere le varie discipline e le loro implicazioni. I Seminari, ad accesso gratuito previa iscrizione, si terranno&hellip;<\/p>\n","protected":false},"author":15268,"featured_media":0,"parent":0,"menu_order":0,"comment_status":"closed","ping_status":"closed","template":"","meta":{"_acf_changed":false,"footnotes":""},"class_list":["post-2176","page","type-page","status-publish","hentry","entry","no-media"],"acf":[],"_links":{"self":[{"href":"https:\/\/fondazionealsos.org\/it\/wp-json\/wp\/v2\/pages\/2176","targetHints":{"allow":["GET"]}}],"collection":[{"href":"https:\/\/fondazionealsos.org\/it\/wp-json\/wp\/v2\/pages"}],"about":[{"href":"https:\/\/fondazionealsos.org\/it\/wp-json\/wp\/v2\/types\/page"}],"author":[{"embeddable":true,"href":"https:\/\/fondazionealsos.org\/it\/wp-json\/wp\/v2\/users\/15268"}],"replies":[{"embeddable":true,"href":"https:\/\/fondazionealsos.org\/it\/wp-json\/wp\/v2\/comments?post=2176"}],"version-history":[{"count":11,"href":"https:\/\/fondazionealsos.org\/it\/wp-json\/wp\/v2\/pages\/2176\/revisions"}],"predecessor-version":[{"id":2249,"href":"https:\/\/fondazionealsos.org\/it\/wp-json\/wp\/v2\/pages\/2176\/revisions\/2249"}],"wp:attachment":[{"href":"https:\/\/fondazionealsos.org\/it\/wp-json\/wp\/v2\/media?parent=2176"}],"curies":[{"name":"wp","href":"https:\/\/api.w.org\/{rel}","templated":true}]}}