{"id":24,"date":"2021-02-24T08:59:42","date_gmt":"2021-02-24T08:59:42","guid":{"rendered":"https:\/\/fondazionealsos.org\/?page_id=24"},"modified":"2024-05-14T15:52:44","modified_gmt":"2024-05-14T13:52:44","slug":"chisiamo-fondazione","status":"publish","type":"page","link":"https:\/\/fondazionealsos.org\/it\/chisiamo-fondazione\/","title":{"rendered":"La Fondazione"},"content":{"rendered":"<div class=\"wpb-content-wrapper\">[vc_row full_width=&#8221;stretch_row&#8221; css=&#8221;.vc_custom_1615478695353{margin-top: 50px !important;margin-bottom: 2.5rem !important;padding-bottom: 4rem !important;}&#8221; el_class=&#8221;fondazione-pagina&#8221;][vc_column css_animation=&#8221;fadeIn&#8221; css_animation_delay=&#8221;0.4&#8243; el_class=&#8221;fondazione-contenitore-testo-pagina&#8221;][vc_column_text responsive_text=&#8221;true&#8221; el_class=&#8221;fondazione-testo-pagina&#8221; text_align=&#8221;left&#8221; font_family=&#8221;Playfair Display&#8221; color=&#8221;#423f54&#8243; font_size=&#8221;18px&#8221; font_weight=&#8221;400&#8243;]<strong><span class=\"first\">L<\/span>a Fondazione Alsos \u00e8 un ente privato senza finalit\u00e0 di lucro promosso dalla Fondazione Isabella Ser\u00e0gnoli<\/strong>, holding di fondazioni nei settori socio-sanitario e culturale che agisce secondo un modello di filantropia imprenditoriale. La Fondazione \u00e8 un luogo di cultura, ricerca e studio. Si propone quale centro di ricerca innovativa, interdisciplinare e scientificamente rigorosa nel campo degli studi umanistici e delle scienze sociali, con l&#8217;obiettivo di offrire contributi utili alla qualit\u00e0 del processo decisionale nelle sfere del pubblico e del privato.[\/vc_column_text]<style>.vcex-heading.vcex_69dc0a85986e0{color:var(--wpex-accent);font-size:3.5rem;}<\/style><h2 class=\"vcex-heading vcex-heading-plain vcex-module wpex-heading wpex-text-2xl wpex-h2 wpex-text-center vc_custom_1614329776009 fondazione-text-obiettivi vcex_69dc0a85986e0\"><span class=\"vcex-heading-inner wpex-inline-block\">Obiettivi della Fondazione<\/span><\/h2>[vc_row_inner][vc_column_inner el_class=&#8221;text-center fondazione-container-obiettivi&#8221; el_id=&#8221;obiettivi&#8221;]<style>.vcex-button.vcex_69dc0a859907e{font-size:18px;}<\/style><a href=\"#obiettivi\" class=\"vcex-button theme-button inline obiettivi-thumb vcex_69dc0a859907e\" title=\"Individuare e sostenere progetti di ricerca ad alto impatto sociale promuovendo bandi pubblici o erogando direttamente borse di studio o premi.\" data-toggle=\"tooltip\" data-placement=\"top\" data-title=\"Individuare e sostenere progetti di ricerca ad alto impatto sociale promuovendo bandi pubblici o erogando direttamente borse di studio o premi.\"><span class=\"vcex-button-inner theme-button-inner wpex-flex wpex-flex-wrap wpex-items-center wpex-justify-center\">Ricerca<\/span><\/a> <style>.vcex-button.vcex_69dc0a85994c0{font-size:18px;}<\/style><a href=\"#obiettivi\" class=\"vcex-button theme-button inline obiettivi-thumb vcex_69dc0a85994c0\" title=\"Stimolare la formazione e la sensibilizzazione verso le discipline umanistiche, organizzando attivit\u00e0 seminariali, dibattiti e scambi.\" data-toggle=\"tooltip\" data-placement=\"top\" data-title=\"Stimolare la formazione e la sensibilizzazione verso le discipline umanistiche\" data-organizzandoattivitseminariali data-dibattitiescambi><span class=\"vcex-button-inner theme-button-inner wpex-flex wpex-flex-wrap wpex-items-center wpex-justify-center\">Formazione<\/span><\/a> <style>.vcex-button.vcex_69dc0a8599833{font-size:18px;}<\/style><a href=\"#obiettivi\" class=\"vcex-button theme-button inline obiettivi-thumb vcex_69dc0a8599833\" title=\"Stimolare e ispirare studiosi, anche internazionali, tramite l\u2019accoglienza presso la sede, intesa come luogo di trasmissione e diffusione di tematiche considerate prioritarie.\" data-toggle=\"tooltip\" data-placement=\"top\" data-title=\"Stimolare e ispirare studiosi\" data-ancheinternazionali data-tramitelaccoglienzapressolasede data-intesacomeluogoditrasmissioneediffusioneditematicheconsiderateprioritarie><span class=\"vcex-button-inner theme-button-inner wpex-flex wpex-flex-wrap wpex-items-center wpex-justify-center\">Interdisciplinariet\u00e0<\/span><\/a> <style>.vcex-button.vcex_69dc0a8599bcc{font-size:18px;}<\/style><a href=\"#obiettivi\" class=\"vcex-button theme-button inline obiettivi-thumb vcex_69dc0a8599bcc\" title=\"Collaborare con istituzioni quali l&#039;Universit\u00e0 e l&#039;Amministrazione Pubblica, Istituti di ricerca e didattica ed Enti privati e pubblici del territorio nazionale e internazionale.\" data-toggle=\"tooltip\" data-placement=\"top\" data-title=\"Collaborare con istituzioni quali l&#039;Universit\u00e0 e l&#039;Amministrazione Pubblica\" data-IstitutidiricercaedidatticaedEntiprivatiepubblicidelterritorionazionaleeinternazionale><span class=\"vcex-button-inner theme-button-inner wpex-flex wpex-flex-wrap wpex-items-center wpex-justify-center\">Dialogo<\/span><\/a> <style>.vcex-button.vcex_69dc0a8599f74{font-size:18px;}<\/style><a href=\"#obiettivi\" class=\"vcex-button theme-button inline obiettivi-thumb vcex_69dc0a8599f74\" title=\"Raccogliere, diffondere e valorizzare gli studi attraverso la loro pubblicazione e divulgazione, anche in rete con altri enti.\" data-toggle=\"tooltip\" data-placement=\"top\" data-title=\"Raccogliere\" data-diffondereevalorizzareglistudiattraversolaloropubblicazioneedivulgazione data-ancheinreteconaltrienti><span class=\"vcex-button-inner theme-button-inner wpex-flex wpex-flex-wrap wpex-items-center wpex-justify-center\">Divulgazione<\/span><\/a> [\/vc_column_inner][\/vc_row_inner][\/vc_column][\/vc_row][vc_row full_width=&#8221;stretch_row&#8221; el_class=&#8221;fondazione-organizzazione-riga&#8221; css=&#8221;.vc_custom_1614850113574{padding-top: 60px !important;padding-bottom: 150px !important;background: #f7f7f7 url(https:\/\/fondazionealsos.org\/wp-content\/uploads\/2021\/02\/bkg-vincitori.png?id=363) !important;background-position: 0 0 !important;background-repeat: no-repeat !important;}&#8221;][vc_column css_animation=&#8221;fadeIn&#8221; css_animation_delay=&#8221;0.4&#8243;]<style>.vcex-heading.vcex_69dc0a859a296{font-size:48px;}@media (max-width:479px){.vcex-heading.vcex_69dc0a859a296{font-size:44px;}}<\/style><h2 class=\"vcex-heading vcex-heading-plain vcex-module wpex-heading wpex-text-2xl wpex-h2 wpex-text-center section_title vcex_69dc0a859a296\"><span class=\"vcex-heading-inner wpex-inline-block\">L'organizzazione<\/span><\/h2>[vc_column_text css=&#8221;.vc_custom_1616146909677{padding-top: 25px !important;}&#8221;]Presidente della Fondazione Alsos \u00e8 Isabella Ser\u00e0gnoli. La Fondazione \u00e8 retta da un\u00a0<strong>Consiglio di Amministrazione<\/strong>\u00a0che definisce le direttive, le regole di funzionamento, le linee di attivit\u00e0, i programmi scientifici.<\/p>\n<p>Il Consiglio nomina un\u00a0<strong>Comitato Garanti<\/strong>, formato da personalit\u00e0 e da studiosi di alta qualificazione culturale, che ha finalit\u00e0 di supporto scientifico-culturale oltre che di promozione, di indirizzo, di tutela e di garanzia dei progetti e dei programmi di ricerca nei settori istituzionali della Fondazione. Fanno parte del <strong>Comitato Garanti della Fondazione Alsos: Enzo Bianchi, Massimo Cacciari, Ivano Dionigi, Romano Prodi, Gianfranco Ravasi, Massimo Recalcati.<\/strong>[\/vc_column_text][\/vc_column][\/vc_row][vc_row css_animation=&#8221;fadeIn&#8221; full_width=&#8221;stretch_row&#8221; el_class=&#8221;fondazione-organizzazione-riga generic-banner&#8221; css=&#8221;.vc_custom_1614338631594{padding-top: 100px !important;padding-bottom: 66px !important;background: #f7f7f7 url(https:\/\/fondazionealsos.org\/wp-content\/uploads\/2021\/02\/bkg-banner-sede.jpg?id=396) !important;background-position: center !important;background-repeat: no-repeat !important;background-size: cover !important;}&#8221;][vc_column css_animation=&#8221;none&#8221; css_animation_delay=&#8221;0.4&#8243;]<h2 class=\"vcex-heading vcex-heading-plain vcex-module wpex-heading wpex-text-2xl wpex-h2 wpex-mb-0 wpex-text-center\"><span class=\"vcex-heading-inner wpex-inline-block\">La sede della Fondazione<\/span><\/h2>[vc_column_text css=&#8221;.vc_custom_1614337030766{padding-top: 25px !important;}&#8221; text_align=&#8221;center&#8221; color=&#8221;#ffffff&#8221; el_class=&#8221;text&#8221;]\n<p>Il punto di incontro di un&#8217;ampia comunit\u00e0 di ricerca<\/p>\n[\/vc_column_text]<div class=\"theme-button-wrap textcenter wpex-clr\"><a href=\"https:\/\/fondazionealsos.org\/it\/chisiamo-villa\/\" class=\"vcex-button theme-button align-center inline btn-generic\"><span class=\"vcex-button-inner theme-button-inner wpex-flex wpex-flex-wrap wpex-items-center wpex-justify-center\">scopri di pi\u00f9<\/span><\/a><\/div> [\/vc_column][\/vc_row]\n<\/div>","protected":false},"excerpt":{"rendered":"<p>[vc_row full_width=&#8221;stretch_row&#8221; css=&#8221;.vc_custom_1615478695353{margin-top: 50px !important;margin-bottom: 2.5rem !important;padding-bottom: 4rem !important;}&#8221; el_class=&#8221;fondazione-pagina&#8221;][vc_column css_animation=&#8221;fadeIn&#8221; css_animation_delay=&#8221;0.4&#8243; el_class=&#8221;fondazione-contenitore-testo-pagina&#8221;][vc_column_text responsive_text=&#8221;true&#8221; el_class=&#8221;fondazione-testo-pagina&#8221; text_align=&#8221;left&#8221; font_family=&#8221;Playfair Display&#8221; color=&#8221;#423f54&#8243; font_size=&#8221;18px&#8221; font_weight=&#8221;400&#8243;]La Fondazione Alsos \u00e8 un ente privato senza finalit\u00e0 di lucro promosso dalla Fondazione Isabella Ser\u00e0gnoli, holding di fondazioni nei settori socio-sanitario e culturale che agisce secondo un modello di filantropia imprenditoriale. La Fondazione \u00e8&hellip;<\/p>\n","protected":false},"author":15268,"featured_media":0,"parent":0,"menu_order":0,"comment_status":"closed","ping_status":"closed","template":"","meta":{"_acf_changed":false,"footnotes":""},"class_list":["post-24","page","type-page","status-publish","hentry","entry","no-media"],"acf":[],"_links":{"self":[{"href":"https:\/\/fondazionealsos.org\/it\/wp-json\/wp\/v2\/pages\/24","targetHints":{"allow":["GET"]}}],"collection":[{"href":"https:\/\/fondazionealsos.org\/it\/wp-json\/wp\/v2\/pages"}],"about":[{"href":"https:\/\/fondazionealsos.org\/it\/wp-json\/wp\/v2\/types\/page"}],"author":[{"embeddable":true,"href":"https:\/\/fondazionealsos.org\/it\/wp-json\/wp\/v2\/users\/15268"}],"replies":[{"embeddable":true,"href":"https:\/\/fondazionealsos.org\/it\/wp-json\/wp\/v2\/comments?post=24"}],"version-history":[{"count":0,"href":"https:\/\/fondazionealsos.org\/it\/wp-json\/wp\/v2\/pages\/24\/revisions"}],"wp:attachment":[{"href":"https:\/\/fondazionealsos.org\/it\/wp-json\/wp\/v2\/media?parent=24"}],"curies":[{"name":"wp","href":"https:\/\/api.w.org\/{rel}","templated":true}]}}